{"id":1800,"date":"2026-03-11T19:12:01","date_gmt":"2026-03-11T19:12:01","guid":{"rendered":"https:\/\/myavictoria.com.ar\/lagunaseca\/?page_id=1800"},"modified":"2026-03-12T19:36:37","modified_gmt":"2026-03-12T19:36:37","slug":"boton-de-arrepentimiento","status":"publish","type":"page","link":"https:\/\/myavictoria.com.ar\/lagunaseca\/boton-de-arrepentimiento\/","title":{"rendered":"Bot\u00f3n de arrepentimiento"},"content":{"rendered":"\n<h1 class=\"wp-block-heading\">Bot\u00f3n de arrepentimiento<\/h1>\n\n\n\n<p>Si realizaste una compra online en <strong>Mya Victoria Laguna Seca<\/strong> y quer\u00e9s revocar la operaci\u00f3n dentro del plazo legal aplicable, pod\u00e9s solicitarlo desde esta p\u00e1gina.<\/p>\n\n\n\n<p><strong>Eleg\u00ed uno de estos medios para iniciar tu solicitud:<\/strong><\/p>\n\n\n\n<p><a href=\"https:\/\/wa.me\/543794625723?text=Hola%2C%20quiero%20solicitar%20el%20arrepentimiento%20de%20una%20compra.\" target=\"_blank\" rel=\"noopener\">Solicitar por WhatsApp <\/a><a href=\"mailto:myavictoria3ls@gmail.com?subject=Solicitud%20de%20arrepentimiento&amp;body=Hola%2C%20quiero%20solicitar%20el%20arrepentimiento%20de%20una%20compra.\">Solicitar por Email<\/a><\/p>\n\n\n\n<h2 class=\"wp-block-heading\">Datos que te pedimos para identificar la compra<\/h2>\n\n\n\n<p>Para poder ubicar tu pedido y gestionar la solicitud, por favor indic\u00e1:<\/p>\n\n\n\n<ul class=\"wp-block-list\">\n<li>Nombre y apellido<\/li>\n\n\n\n<li>N\u00famero de pedido<\/li>\n\n\n\n<li>Producto\/s comprado\/s<\/li>\n\n\n\n<li>Fecha de compra<\/li>\n\n\n\n<li>Email o tel\u00e9fono de contacto<\/li>\n<\/ul>\n\n\n\n<h2 class=\"wp-block-heading\">Importante<\/h2>\n\n\n\n<p>Una vez recibida tu solicitud, te enviaremos la confirmaci\u00f3n correspondiente por el mismo medio de contacto utilizado o por el que nos indiques en tu mensaje.<\/p>\n\n\n\n<p>Si tu compra incluye productos de uso personal, maquillaje, cosm\u00e9tica u otros art\u00edculos que por su naturaleza puedan tener condiciones especiales de devoluci\u00f3n, la gesti\u00f3n se analizar\u00e1 conforme a la normativa vigente y a nuestra <a href=\"\/lagunaseca\/politica-de-devoluciones-y-reembolsos\/\">Pol\u00edtica de Devoluciones y Reembolsos<\/a>.<\/p>\n\n\n\n<p>Tambi\u00e9n pod\u00e9s consultar nuestras condiciones en <a href=\"\/lagunaseca\/terminos-y-condiciones-de-uso-y-compra\/\">T\u00e9rminos y Condiciones<\/a> y <a href=\"\/lagunaseca\/politicas-y-privacidad\/\">Pol\u00edtica de Privacidad<\/a>.<\/p>\n","protected":false},"excerpt":{"rendered":"<p>Bot\u00f3n de arrepentimiento Si realizaste una compra online en Mya Victoria Laguna Seca y quer\u00e9s revocar la operaci\u00f3n dentro del [&hellip;]<\/p>\n","protected":false},"author":1,"featured_media":0,"parent":0,"menu_order":0,"comment_status":"closed","ping_status":"closed","template":"","meta":{"site-sidebar-layout":"default","site-content-layout":"","ast-site-content-layout":"default","site-content-style":"default","site-sidebar-style":"default","ast-global-header-display":"","ast-banner-title-visibility":"","ast-main-header-display":"","ast-hfb-above-header-display":"","ast-hfb-below-header-display":"","ast-hfb-mobile-header-display":"","site-post-title":"disabled","ast-breadcrumbs-content":"","ast-featured-img":"","footer-sml-layout":"","ast-disable-related-posts":"","theme-transparent-header-meta":"","adv-header-id-meta":"","stick-header-meta":"","header-above-stick-meta":"","header-main-stick-meta":"","header-below-stick-meta":"","astra-migrate-meta-layouts":"default","ast-page-background-enabled":"default","ast-page-background-meta":{"desktop":{"background-color":"var(--ast-global-color-5)","background-image":"","background-repeat":"repeat","background-position":"center center","background-size":"auto","background-attachment":"scroll","background-type":"","background-media":"","overlay-type":"","overlay-color":"","overlay-opacity":"","overlay-gradient":""},"tablet":{"background-color":"","background-image":"","background-repeat":"repeat","background-position":"center center","background-size":"auto","background-attachment":"scroll","background-type":"","background-media":"","overlay-type":"","overlay-color":"","overlay-opacity":"","overlay-gradient":""},"mobile":{"background-color":"","background-image":"","background-repeat":"repeat","background-position":"center center","background-size":"auto","background-attachment":"scroll","background-type":"","background-media":"","overlay-type":"","overlay-color":"","overlay-opacity":"","overlay-gradient":""}},"ast-content-background-meta":{"desktop":{"background-color":"var(--ast-global-color-4)","background-image":"","background-repeat":"repeat","background-position":"center center","background-size":"auto","background-attachment":"scroll","background-type":"","background-media":"","overlay-type":"","overlay-color":"","overlay-opacity":"","overlay-gradient":""},"tablet":{"background-color":"var(--ast-global-color-4)","background-image":"","background-repeat":"repeat","background-position":"center center","background-size":"auto","background-attachment":"scroll","background-type":"","background-media":"","overlay-type":"","overlay-color":"","overlay-opacity":"","overlay-gradient":""},"mobile":{"background-color":"var(--ast-global-color-4)","background-image":"","background-repeat":"repeat","background-position":"center center","background-size":"auto","background-attachment":"scroll","background-type":"","background-media":"","overlay-type":"","overlay-color":"","overlay-opacity":"","overlay-gradient":""}},"footnotes":""},"class_list":["post-1800","page","type-page","status-publish","hentry"],"_hostinger_reach_plugin_has_subscription_block":false,"_hostinger_reach_plugin_is_elementor":false,"_links":{"self":[{"href":"https:\/\/myavictoria.com.ar\/lagunaseca\/wp-json\/wp\/v2\/pages\/1800","targetHints":{"allow":["GET"]}}],"collection":[{"href":"https:\/\/myavictoria.com.ar\/lagunaseca\/wp-json\/wp\/v2\/pages"}],"about":[{"href":"https:\/\/myavictoria.com.ar\/lagunaseca\/wp-json\/wp\/v2\/types\/page"}],"author":[{"embeddable":true,"href":"https:\/\/myavictoria.com.ar\/lagunaseca\/wp-json\/wp\/v2\/users\/1"}],"replies":[{"embeddable":true,"href":"https:\/\/myavictoria.com.ar\/lagunaseca\/wp-json\/wp\/v2\/comments?post=1800"}],"version-history":[{"count":2,"href":"https:\/\/myavictoria.com.ar\/lagunaseca\/wp-json\/wp\/v2\/pages\/1800\/revisions"}],"predecessor-version":[{"id":1860,"href":"https:\/\/myavictoria.com.ar\/lagunaseca\/wp-json\/wp\/v2\/pages\/1800\/revisions\/1860"}],"wp:attachment":[{"href":"https:\/\/myavictoria.com.ar\/lagunaseca\/wp-json\/wp\/v2\/media?parent=1800"}],"curies":[{"name":"wp","href":"https:\/\/api.w.org\/{rel}","templated":true}]}}