{"id":155,"date":"2026-02-10T13:17:21","date_gmt":"2026-02-10T13:17:21","guid":{"rendered":"https:\/\/myavictoria.com.ar\/lagunaseca\/carrito\/"},"modified":"2026-02-17T19:13:49","modified_gmt":"2026-02-17T19:13:49","slug":"carrito","status":"publish","type":"page","link":"https:\/\/myavictoria.com.ar\/lagunaseca\/carrito\/","title":{"rendered":"Carrito"},"content":{"rendered":"\n<div class=\"mv-cart-reminder\" role=\"note\" aria-label=\"Aviso de compra m\u00ednima para env\u00edo\">\n  <strong>Env\u00edos:<\/strong> compra m\u00ednima de <strong>$30.000<\/strong> para env\u00edos. Dentro de Corrientes Capital no hay m\u00ednimo.\n<\/div>\n\n<style>\n  .mv-cart-reminder{\n    max-width: 980px;\n    margin: 12px auto 18px;\n    padding: 10px 12px;\n    border: 1px solid rgba(0,0,0,.08);\n    background: #fff7fb;\n    color: #222;\n    border-radius: 12px;\n    font-size: 14px;\n    line-height: 1.35;\n  }\n  .mv-cart-reminder strong{ font-weight: 700; }\n  @media (max-width: 768px){\n    .mv-cart-reminder{\n      margin: 10px 12px 14px;\n      font-size: 13.5px;\n    }\n  }\n<\/style>\n\n\n\n\n","protected":false},"excerpt":{"rendered":"<p>Env\u00edos: compra m\u00ednima de $30.000 para env\u00edos. Dentro de Corrientes Capital no hay m\u00ednimo.<\/p>\n","protected":false},"author":1,"featured_media":0,"parent":0,"menu_order":0,"comment_status":"closed","ping_status":"closed","template":"","meta":{"site-sidebar-layout":"default","site-content-layout":"","ast-site-content-layout":"default","site-content-style":"default","site-sidebar-style":"default","ast-global-header-display":"","ast-banner-title-visibility":"","ast-main-header-display":"","ast-hfb-above-header-display":"","ast-hfb-below-header-display":"","ast-hfb-mobile-header-display":"","site-post-title":"disabled","ast-breadcrumbs-content":"","ast-featured-img":"","footer-sml-layout":"","ast-disable-related-posts":"","theme-transparent-header-meta":"","adv-header-id-meta":"","stick-header-meta":"","header-above-stick-meta":"","header-main-stick-meta":"","header-below-stick-meta":"","astra-migrate-meta-layouts":"default","ast-page-background-enabled":"default","ast-page-background-meta":{"desktop":{"background-color":"var(--ast-global-color-5)","background-image":"","background-repeat":"repeat","background-position":"center center","background-size":"auto","background-attachment":"scroll","background-type":"","background-media":"","overlay-type":"","overlay-color":"","overlay-opacity":"","overlay-gradient":""},"tablet":{"background-color":"","background-image":"","background-repeat":"repeat","background-position":"center center","background-size":"auto","background-attachment":"scroll","background-type":"","background-media":"","overlay-type":"","overlay-color":"","overlay-opacity":"","overlay-gradient":""},"mobile":{"background-color":"","background-image":"","background-repeat":"repeat","background-position":"center center","background-size":"auto","background-attachment":"scroll","background-type":"","background-media":"","overlay-type":"","overlay-color":"","overlay-opacity":"","overlay-gradient":""}},"ast-content-background-meta":{"desktop":{"background-color":"var(--ast-global-color-4)","background-image":"","background-repeat":"repeat","background-position":"center center","background-size":"auto","background-attachment":"scroll","background-type":"","background-media":"","overlay-type":"","overlay-color":"","overlay-opacity":"","overlay-gradient":""},"tablet":{"background-color":"var(--ast-global-color-4)","background-image":"","background-repeat":"repeat","background-position":"center center","background-size":"auto","background-attachment":"scroll","background-type":"","background-media":"","overlay-type":"","overlay-color":"","overlay-opacity":"","overlay-gradient":""},"mobile":{"background-color":"var(--ast-global-color-4)","background-image":"","background-repeat":"repeat","background-position":"center center","background-size":"auto","background-attachment":"scroll","background-type":"","background-media":"","overlay-type":"","overlay-color":"","overlay-opacity":"","overlay-gradient":""}},"footnotes":""},"class_list":["post-155","page","type-page","status-publish","hentry"],"_hostinger_reach_plugin_has_subscription_block":false,"_hostinger_reach_plugin_is_elementor":false,"_links":{"self":[{"href":"https:\/\/myavictoria.com.ar\/lagunaseca\/wp-json\/wp\/v2\/pages\/155","targetHints":{"allow":["GET"]}}],"collection":[{"href":"https:\/\/myavictoria.com.ar\/lagunaseca\/wp-json\/wp\/v2\/pages"}],"about":[{"href":"https:\/\/myavictoria.com.ar\/lagunaseca\/wp-json\/wp\/v2\/types\/page"}],"author":[{"embeddable":true,"href":"https:\/\/myavictoria.com.ar\/lagunaseca\/wp-json\/wp\/v2\/users\/1"}],"replies":[{"embeddable":true,"href":"https:\/\/myavictoria.com.ar\/lagunaseca\/wp-json\/wp\/v2\/comments?post=155"}],"version-history":[{"count":2,"href":"https:\/\/myavictoria.com.ar\/lagunaseca\/wp-json\/wp\/v2\/pages\/155\/revisions"}],"predecessor-version":[{"id":296,"href":"https:\/\/myavictoria.com.ar\/lagunaseca\/wp-json\/wp\/v2\/pages\/155\/revisions\/296"}],"wp:attachment":[{"href":"https:\/\/myavictoria.com.ar\/lagunaseca\/wp-json\/wp\/v2\/media?parent=155"}],"curies":[{"name":"wp","href":"https:\/\/api.w.org\/{rel}","templated":true}]}}