{"id":12,"date":"2025-12-29T13:24:23","date_gmt":"2025-12-29T13:24:23","guid":{"rendered":"https:\/\/myavictoria.com.ar\/lagunaseca\/?page_id=12"},"modified":"2026-03-21T21:07:48","modified_gmt":"2026-03-21T21:07:48","slug":"ofertas","status":"publish","type":"page","link":"https:\/\/myavictoria.com.ar\/lagunaseca\/ofertas\/","title":{"rendered":"Ofertas"},"content":{"rendered":"<nav aria-label=\"breadcrumbs\" class=\"rank-math-breadcrumb\"><p><span class=\"last\">Inicio<\/span><\/p><\/nav>\n\n\n\n<section class=\"mv-page mv-catpage\" aria-label=\"P\u00e1gina: Ofertas\">\n\n  <div class=\"mv-hero\">\n    <div class=\"mv-container\">\n      <div class=\"mv-hero__grid\">\n\n        <div>\n          <p class=\"mv-kicker\">Promociones<\/p>\n          <h1 class=\"mv-h1\">Ofertas<\/h1>\n\n          <p class=\"mv-lead\">\n            Descubr\u00ed productos seleccionados con precios especiales y oportunidades por tiempo limitado.\n          <\/p>\n\n          <div class=\"mv-cta\">\n            <a class=\"mv-btn mv-btn--whatsapp\" href=\"https:\/\/wa.me\/543794023680?text=Hola%20Mya%20Victoria%2C%20quiero%20consultar%20las%20ofertas%20disponibles.\" target=\"_blank\" rel=\"noopener\">\n              Consultar por WhatsApp\n            <\/a>\n\n            <a class=\"mv-btn mv-btn--secondary\" href=\"\/lagunaseca\/tienda\/\">\n              Ver toda la tienda\n            <\/a>\n          <\/div>\n\n          <p class=\"mv-note\">\n            Las ofertas pueden cambiar seg\u00fan stock disponible.\n          <\/p>\n        <\/div>\n\n      <\/div>\n    <\/div>\n  <\/div>\n\n  <div class=\"mv-featured\">\n    <div class=\"mv-container\">\n      <!-- ac\u00e1 pod\u00e9s poner despu\u00e9s un bloque, banner o shortcode de ofertas -->\n    <\/div>\n  <\/div>\n\n<\/section>\n\n\n\n<p><\/p>\n","protected":false},"excerpt":{"rendered":"<p>Promociones Ofertas Descubr\u00ed productos seleccionados con precios especiales y oportunidades por tiempo limitado. Consultar por WhatsApp Ver toda la tienda [&hellip;]<\/p>\n","protected":false},"author":1,"featured_media":0,"parent":0,"menu_order":0,"comment_status":"closed","ping_status":"closed","template":"","meta":{"site-sidebar-layout":"default","site-content-layout":"","ast-site-content-layout":"default","site-content-style":"default","site-sidebar-style":"default","ast-global-header-display":"","ast-banner-title-visibility":"","ast-main-header-display":"","ast-hfb-above-header-display":"","ast-hfb-below-header-display":"","ast-hfb-mobile-header-display":"","site-post-title":"disabled","ast-breadcrumbs-content":"","ast-featured-img":"","footer-sml-layout":"","ast-disable-related-posts":"","theme-transparent-header-meta":"","adv-header-id-meta":"","stick-header-meta":"","header-above-stick-meta":"","header-main-stick-meta":"","header-below-stick-meta":"","astra-migrate-meta-layouts":"default","ast-page-background-enabled":"default","ast-page-background-meta":{"desktop":{"background-color":"var(--ast-global-color-5)","background-image":"","background-repeat":"repeat","background-position":"center center","background-size":"auto","background-attachment":"scroll","background-type":"","background-media":"","overlay-type":"","overlay-color":"","overlay-opacity":"","overlay-gradient":""},"tablet":{"background-color":"","background-image":"","background-repeat":"repeat","background-position":"center center","background-size":"auto","background-attachment":"scroll","background-type":"","background-media":"","overlay-type":"","overlay-color":"","overlay-opacity":"","overlay-gradient":""},"mobile":{"background-color":"","background-image":"","background-repeat":"repeat","background-position":"center center","background-size":"auto","background-attachment":"scroll","background-type":"","background-media":"","overlay-type":"","overlay-color":"","overlay-opacity":"","overlay-gradient":""}},"ast-content-background-meta":{"desktop":{"background-color":"var(--ast-global-color-4)","background-image":"","background-repeat":"repeat","background-position":"center center","background-size":"auto","background-attachment":"scroll","background-type":"","background-media":"","overlay-type":"","overlay-color":"","overlay-opacity":"","overlay-gradient":""},"tablet":{"background-color":"var(--ast-global-color-4)","background-image":"","background-repeat":"repeat","background-position":"center center","background-size":"auto","background-attachment":"scroll","background-type":"","background-media":"","overlay-type":"","overlay-color":"","overlay-opacity":"","overlay-gradient":""},"mobile":{"background-color":"var(--ast-global-color-4)","background-image":"","background-repeat":"repeat","background-position":"center center","background-size":"auto","background-attachment":"scroll","background-type":"","background-media":"","overlay-type":"","overlay-color":"","overlay-opacity":"","overlay-gradient":""}},"footnotes":""},"class_list":["post-12","page","type-page","status-publish","hentry"],"_hostinger_reach_plugin_has_subscription_block":false,"_hostinger_reach_plugin_is_elementor":false,"_links":{"self":[{"href":"https:\/\/myavictoria.com.ar\/lagunaseca\/wp-json\/wp\/v2\/pages\/12","targetHints":{"allow":["GET"]}}],"collection":[{"href":"https:\/\/myavictoria.com.ar\/lagunaseca\/wp-json\/wp\/v2\/pages"}],"about":[{"href":"https:\/\/myavictoria.com.ar\/lagunaseca\/wp-json\/wp\/v2\/types\/page"}],"author":[{"embeddable":true,"href":"https:\/\/myavictoria.com.ar\/lagunaseca\/wp-json\/wp\/v2\/users\/1"}],"replies":[{"embeddable":true,"href":"https:\/\/myavictoria.com.ar\/lagunaseca\/wp-json\/wp\/v2\/comments?post=12"}],"version-history":[{"count":7,"href":"https:\/\/myavictoria.com.ar\/lagunaseca\/wp-json\/wp\/v2\/pages\/12\/revisions"}],"predecessor-version":[{"id":2501,"href":"https:\/\/myavictoria.com.ar\/lagunaseca\/wp-json\/wp\/v2\/pages\/12\/revisions\/2501"}],"wp:attachment":[{"href":"https:\/\/myavictoria.com.ar\/lagunaseca\/wp-json\/wp\/v2\/media?parent=12"}],"curies":[{"name":"wp","href":"https:\/\/api.w.org\/{rel}","templated":true}]}}